{"id":12181,"date":"2025-03-13T13:28:18","date_gmt":"2025-03-13T12:28:18","guid":{"rendered":"https:\/\/www.bomma.cz\/cz\/?page_id=12181"},"modified":"2025-03-13T13:35:34","modified_gmt":"2025-03-13T12:35:34","slug":"gdpr","status":"publish","type":"page","link":"https:\/\/www.bomma.cz\/cz\/gdpr\/","title":{"rendered":"Z\u00e1sady ochrany osobn\u00edch a dal\u0161\u00edch zpracov\u00e1van\u00fdch \u00fadaj\u016f"},"content":{"rendered":"","protected":false},"excerpt":{"rendered":"","protected":false},"author":18,"featured_media":0,"parent":0,"menu_order":7,"comment_status":"closed","ping_status":"closed","template":"","meta":{"footnotes":""},"class_list":["post-12181","page","type-page","status-publish","hentry"],"_links":{"self":[{"href":"https:\/\/www.bomma.cz\/cz\/wp-json\/wp\/v2\/pages\/12181","targetHints":{"allow":["GET"]}}],"collection":[{"href":"https:\/\/www.bomma.cz\/cz\/wp-json\/wp\/v2\/pages"}],"about":[{"href":"https:\/\/www.bomma.cz\/cz\/wp-json\/wp\/v2\/types\/page"}],"author":[{"embeddable":true,"href":"https:\/\/www.bomma.cz\/cz\/wp-json\/wp\/v2\/users\/18"}],"replies":[{"embeddable":true,"href":"https:\/\/www.bomma.cz\/cz\/wp-json\/wp\/v2\/comments?post=12181"}],"version-history":[{"count":2,"href":"https:\/\/www.bomma.cz\/cz\/wp-json\/wp\/v2\/pages\/12181\/revisions"}],"predecessor-version":[{"id":12183,"href":"https:\/\/www.bomma.cz\/cz\/wp-json\/wp\/v2\/pages\/12181\/revisions\/12183"}],"wp:attachment":[{"href":"https:\/\/www.bomma.cz\/cz\/wp-json\/wp\/v2\/media?parent=12181"}],"curies":[{"name":"wp","href":"https:\/\/api.w.org\/{rel}","templated":true}]}}