{"id":13745,"date":"2025-10-20T17:48:54","date_gmt":"2025-10-20T15:48:54","guid":{"rendered":"https:\/\/www.bomma.cz\/cz\/?page_id=13745"},"modified":"2025-10-30T16:51:58","modified_gmt":"2025-10-30T15:51:58","slug":"vyroba","status":"publish","type":"page","link":"https:\/\/www.bomma.cz\/cz\/vyroba\/","title":{"rendered":"Ru\u010dn\u00ed V\u00fdroba"},"content":{"rendered":"\n\n\n\n\n\n\n\n\n\n\n\n\n\n\n\n\n\n\n\n\n\n","protected":false},"excerpt":{"rendered":"","protected":false},"author":10,"featured_media":0,"parent":0,"menu_order":1,"comment_status":"closed","ping_status":"closed","template":"","meta":{"footnotes":""},"class_list":["post-13745","page","type-page","status-publish","hentry"],"_links":{"self":[{"href":"https:\/\/www.bomma.cz\/cz\/wp-json\/wp\/v2\/pages\/13745","targetHints":{"allow":["GET"]}}],"collection":[{"href":"https:\/\/www.bomma.cz\/cz\/wp-json\/wp\/v2\/pages"}],"about":[{"href":"https:\/\/www.bomma.cz\/cz\/wp-json\/wp\/v2\/types\/page"}],"author":[{"embeddable":true,"href":"https:\/\/www.bomma.cz\/cz\/wp-json\/wp\/v2\/users\/10"}],"replies":[{"embeddable":true,"href":"https:\/\/www.bomma.cz\/cz\/wp-json\/wp\/v2\/comments?post=13745"}],"version-history":[{"count":16,"href":"https:\/\/www.bomma.cz\/cz\/wp-json\/wp\/v2\/pages\/13745\/revisions"}],"predecessor-version":[{"id":13818,"href":"https:\/\/www.bomma.cz\/cz\/wp-json\/wp\/v2\/pages\/13745\/revisions\/13818"}],"wp:attachment":[{"href":"https:\/\/www.bomma.cz\/cz\/wp-json\/wp\/v2\/media?parent=13745"}],"curies":[{"name":"wp","href":"https:\/\/api.w.org\/{rel}","templated":true}]}}