{"id":14707,"date":"2026-03-23T14:44:42","date_gmt":"2026-03-23T13:44:42","guid":{"rendered":"https:\/\/www.bomma.cz\/cz\/?page_id=14707"},"modified":"2026-04-02T15:00:55","modified_gmt":"2026-04-02T13:00:55","slug":"udrzitelnost","status":"publish","type":"page","link":"https:\/\/www.bomma.cz\/cz\/udrzitelnost\/","title":{"rendered":"Udr\u017eitelnost"},"content":{"rendered":"\n\n\n\n\n\n\n\n\n\n\n\n\n\n<p><\/p>\n\n\n\n\n\n\n\n<div style=\"height:0px\" aria-hidden=\"true\" class=\"wp-block-spacer\"><\/div>\n\n\n\n<p><\/p>\n\n\n\n<p><\/p>\n\n\n\n<p>Vzhledem k jejich siln\u00e9 z\u00e1vislosti na spot\u0159eb\u011b plynu v\u0161ak neust\u00e1le hledaj\u00ed nov\u00e9 metody a p\u0159\u00edstupy, jak v\u00e9st sv\u00e9 odv\u011btv\u00ed k udr\u017eiteln\u011bj\u0161\u00ed cest\u011b. Pevn\u011b \u200b\u200bv\u011b\u0159\u00edme, \u017ee spole\u010dn\u00fdm \u00fasil\u00edm m\u016f\u017eeme dos\u00e1hnout pozitivn\u00edch zm\u011bn a jsme si jisti, \u017ee tradice a udr\u017eitelnost mohou harmonicky koexistovat.<\/p>\n\n\n\n","protected":false},"excerpt":{"rendered":"","protected":false},"author":19,"featured_media":0,"parent":0,"menu_order":12,"comment_status":"closed","ping_status":"closed","template":"","meta":{"footnotes":""},"class_list":["post-14707","page","type-page","status-publish","hentry"],"_links":{"self":[{"href":"https:\/\/www.bomma.cz\/cz\/wp-json\/wp\/v2\/pages\/14707","targetHints":{"allow":["GET"]}}],"collection":[{"href":"https:\/\/www.bomma.cz\/cz\/wp-json\/wp\/v2\/pages"}],"about":[{"href":"https:\/\/www.bomma.cz\/cz\/wp-json\/wp\/v2\/types\/page"}],"author":[{"embeddable":true,"href":"https:\/\/www.bomma.cz\/cz\/wp-json\/wp\/v2\/users\/19"}],"replies":[{"embeddable":true,"href":"https:\/\/www.bomma.cz\/cz\/wp-json\/wp\/v2\/comments?post=14707"}],"version-history":[{"count":19,"href":"https:\/\/www.bomma.cz\/cz\/wp-json\/wp\/v2\/pages\/14707\/revisions"}],"predecessor-version":[{"id":14858,"href":"https:\/\/www.bomma.cz\/cz\/wp-json\/wp\/v2\/pages\/14707\/revisions\/14858"}],"wp:attachment":[{"href":"https:\/\/www.bomma.cz\/cz\/wp-json\/wp\/v2\/media?parent=14707"}],"curies":[{"name":"wp","href":"https:\/\/api.w.org\/{rel}","templated":true}]}}