{"id":7805,"date":"2023-03-13T23:18:40","date_gmt":"2023-03-13T22:18:40","guid":{"rendered":"https:\/\/www.bomma.cz\/cz\/?page_id=7805"},"modified":"2023-03-13T23:18:41","modified_gmt":"2023-03-13T22:18:41","slug":"vaclav-mlynar-jakub-pollag","status":"publish","type":"page","link":"https:\/\/www.bomma.cz\/cz\/vaclav-mlynar-jakub-pollag\/","title":{"rendered":"V\u00e1clav Mlyn\u00e1\u0159 &#038; Jakub Poll\u00e1g"},"content":{"rendered":"\n\n\n\n\n\n\n\n\n\n\n\n\n\n\n\n\n\n","protected":false},"excerpt":{"rendered":"","protected":false},"author":9,"featured_media":0,"parent":0,"menu_order":73,"comment_status":"closed","ping_status":"closed","template":"","meta":{"footnotes":""},"class_list":["post-7805","page","type-page","status-publish","hentry"],"_links":{"self":[{"href":"https:\/\/www.bomma.cz\/cz\/wp-json\/wp\/v2\/pages\/7805","targetHints":{"allow":["GET"]}}],"collection":[{"href":"https:\/\/www.bomma.cz\/cz\/wp-json\/wp\/v2\/pages"}],"about":[{"href":"https:\/\/www.bomma.cz\/cz\/wp-json\/wp\/v2\/types\/page"}],"author":[{"embeddable":true,"href":"https:\/\/www.bomma.cz\/cz\/wp-json\/wp\/v2\/users\/9"}],"replies":[{"embeddable":true,"href":"https:\/\/www.bomma.cz\/cz\/wp-json\/wp\/v2\/comments?post=7805"}],"version-history":[{"count":3,"href":"https:\/\/www.bomma.cz\/cz\/wp-json\/wp\/v2\/pages\/7805\/revisions"}],"predecessor-version":[{"id":7808,"href":"https:\/\/www.bomma.cz\/cz\/wp-json\/wp\/v2\/pages\/7805\/revisions\/7808"}],"wp:attachment":[{"href":"https:\/\/www.bomma.cz\/cz\/wp-json\/wp\/v2\/media?parent=7805"}],"curies":[{"name":"wp","href":"https:\/\/api.w.org\/{rel}","templated":true}]}}