{"id":9047,"date":"2024-01-27T11:47:28","date_gmt":"2024-01-27T10:47:28","guid":{"rendered":"https:\/\/www.bomma.cz\/cz\/?page_id=9047"},"modified":"2024-01-27T11:47:29","modified_gmt":"2024-01-27T10:47:29","slug":"page-not-found","status":"publish","type":"page","link":"https:\/\/www.bomma.cz\/cz\/page-not-found\/","title":{"rendered":"Str\u00e1nka nenalezena"},"content":{"rendered":"\n<h2 class=\"wp-block-heading\">Str\u00e1nka nenalezena<\/h2>\n\n\n\n<div class=\"wp-block-columns is-layout-flex wp-container-core-columns-is-layout-9d6595d7 wp-block-columns-is-layout-flex\">\n<div class=\"wp-block-column is-layout-flow wp-block-column-is-layout-flow\">\n<p>Omlouv\u00e1me se, ale obsah na t\u00e9to adrese ji\u017e nen\u00ed dostupn\u00fd.<\/p>\n\n\n\n<p>Prohl\u00e9dn\u011bte si na\u0161e&nbsp;<a href=\"https:\/\/www.bomma.cz\/cz\/kolekce\/\" target=\"_blank\" rel=\"noreferrer noopener\">kolekce sv\u00edtidel<\/a>,&nbsp;<a href=\"https:\/\/www.bomma.cz\/cz\/store-locator\/\" target=\"_blank\" rel=\"noreferrer noopener\">nejbli\u017e\u0161\u00edho prodejce na\u0161ich produkt\u016f<\/a>&nbsp;nebo n\u00e1m rovnou&nbsp;<a href=\"https:\/\/www.bomma.cz\/cz\/contact\/\" target=\"_blank\" rel=\"noreferrer noopener\">napi\u0161te<\/a>!<\/p>\n<\/div>\n\n\n\n<div class=\"wp-block-column is-layout-flow wp-block-column-is-layout-flow\">\n<figure class=\"wp-block-image size-full\"><img loading=\"lazy\" decoding=\"async\" width=\"480\" height=\"720\" src=\"https:\/\/www.bomma.cz\/app\/uploads\/2022\/11\/pebbles_bomma_customization_gif.gif\" alt=\"create your own pebbles gif\" class=\"wp-image-759\" \/><\/figure>\n<\/div>\n<\/div>\n","protected":false},"excerpt":{"rendered":"<p>Str\u00e1nka nenalezena Omlouv\u00e1me se, ale obsah na t\u00e9to adrese ji\u017e nen\u00ed dostupn\u00fd. Prohl\u00e9dn\u011bte si na\u0161e&nbsp;kolekce sv\u00edtidel,&nbsp;nejbli\u017e\u0161\u00edho prodejce na\u0161ich produkt\u016f&nbsp;nebo n\u00e1m rovnou&nbsp;napi\u0161te!<\/p>\n","protected":false},"author":3,"featured_media":0,"parent":0,"menu_order":9,"comment_status":"closed","ping_status":"closed","template":"","meta":{"footnotes":""},"class_list":["post-9047","page","type-page","status-publish","hentry"],"_links":{"self":[{"href":"https:\/\/www.bomma.cz\/cz\/wp-json\/wp\/v2\/pages\/9047","targetHints":{"allow":["GET"]}}],"collection":[{"href":"https:\/\/www.bomma.cz\/cz\/wp-json\/wp\/v2\/pages"}],"about":[{"href":"https:\/\/www.bomma.cz\/cz\/wp-json\/wp\/v2\/types\/page"}],"author":[{"embeddable":true,"href":"https:\/\/www.bomma.cz\/cz\/wp-json\/wp\/v2\/users\/3"}],"replies":[{"embeddable":true,"href":"https:\/\/www.bomma.cz\/cz\/wp-json\/wp\/v2\/comments?post=9047"}],"version-history":[{"count":3,"href":"https:\/\/www.bomma.cz\/cz\/wp-json\/wp\/v2\/pages\/9047\/revisions"}],"predecessor-version":[{"id":9050,"href":"https:\/\/www.bomma.cz\/cz\/wp-json\/wp\/v2\/pages\/9047\/revisions\/9050"}],"wp:attachment":[{"href":"https:\/\/www.bomma.cz\/cz\/wp-json\/wp\/v2\/media?parent=9047"}],"curies":[{"name":"wp","href":"https:\/\/api.w.org\/{rel}","templated":true}]}}